{"id":3836,"date":"2023-08-14T09:59:54","date_gmt":"2023-08-14T09:59:54","guid":{"rendered":"https:\/\/charming-stonebraker.91-151-83-138.plesk.page\/urunler\/"},"modified":"2023-11-13T09:24:16","modified_gmt":"2023-11-13T06:24:16","slug":"products","status":"publish","type":"page","link":"https:\/\/www.hatboru.com\/en\/products\/","title":{"rendered":"Products"},"content":{"rendered":"<div class=\"woocommerce columns-4 \">\n<ul class=\"products content-inner\" data-grid-normal data-columns=\"4\"><li class=\"product type-product post-4001 status-publish first instock product_cat-spiral-welded-steel-pipes-en has-post-thumbnail shipping-taxable product-type-simple\">\n\t<a href=\"https:\/\/www.hatboru.com\/en\/urunler\/spiral-welded-steel-pipes\/\" class=\"woocommerce-LoopProduct-link woocommerce-loop-product__link\"><img fetchpriority=\"high\" decoding=\"async\" width=\"1024\" height=\"576\" src=\"https:\/\/www.hatboru.com\/wp-content\/uploads\/2023\/08\/Spiral-Kaynakli-Celik-Borular.jpg\" class=\"attachment-full\" alt=\"Spiral Kaynakl\u0131 \u00c7elik Borular\" title=\"Spiral Kaynakl\u0131 \u00c7elik Borular\" srcset=\"https:\/\/www.hatboru.com\/wp-content\/uploads\/2023\/08\/Spiral-Kaynakli-Celik-Borular.jpg 1024w, https:\/\/www.hatboru.com\/wp-content\/uploads\/2023\/08\/Spiral-Kaynakli-Celik-Borular-300x169.jpg 300w, https:\/\/www.hatboru.com\/wp-content\/uploads\/2023\/08\/Spiral-Kaynakli-Celik-Borular-768x432.jpg 768w, https:\/\/www.hatboru.com\/wp-content\/uploads\/2023\/08\/Spiral-Kaynakli-Celik-Borular-600x338.jpg 600w\" sizes=\"(max-width: 1024px) 100vw, 1024px\" \/><h2 class=\"woocommerce-loop-product__title\">Spiral Welded Steel Pipes<\/h2>\n<\/a><\/li>\n<li class=\"product type-product post-3997 status-publish instock product_cat-drill-pipes-en product_cat-steel-drill-pipes-en has-post-thumbnail shipping-taxable product-type-simple\">\n\t<a href=\"https:\/\/www.hatboru.com\/en\/urunler\/non-filtered-steel-casing-pipes\/\" class=\"woocommerce-LoopProduct-link woocommerce-loop-product__link\"><img decoding=\"async\" width=\"600\" height=\"400\" src=\"https:\/\/www.hatboru.com\/wp-content\/uploads\/2023\/08\/Kapali-Celik-Sondaj-Borulari.jpg\" class=\"attachment-full\" alt=\"Kapal\u0131 \u00c7elik Sondaj Borular\u0131\" title=\"Kapal\u0131 \u00c7elik Sondaj Borular\u0131\" srcset=\"https:\/\/www.hatboru.com\/wp-content\/uploads\/2023\/08\/Kapali-Celik-Sondaj-Borulari.jpg 600w, https:\/\/www.hatboru.com\/wp-content\/uploads\/2023\/08\/Kapali-Celik-Sondaj-Borulari-300x200.jpg 300w\" sizes=\"(max-width: 600px) 100vw, 600px\" \/><h2 class=\"woocommerce-loop-product__title\">Blank Steel Casing Pipes<\/h2>\n<\/a><\/li>\n<li class=\"product type-product post-3998 status-publish instock product_cat-pvc-drill-pipes-en has-post-thumbnail shipping-taxable product-type-simple\">\n\t<a href=\"https:\/\/www.hatboru.com\/en\/urunler\/filtered-non-filtered-pvc-casing-pipes\/\" class=\"woocommerce-LoopProduct-link woocommerce-loop-product__link\"><img decoding=\"async\" width=\"600\" height=\"400\" src=\"https:\/\/www.hatboru.com\/wp-content\/uploads\/2023\/08\/Kapali-ve-Filtreli-PVC-Sondaj-Borularix.jpg\" class=\"attachment-full\" alt=\"Kapal\u0131 ve Filtreli PVC Sondaj Borular\u0131x\" title=\"Kapal\u0131 ve Filtreli PVC Sondaj Borular\u0131x\" srcset=\"https:\/\/www.hatboru.com\/wp-content\/uploads\/2023\/08\/Kapali-ve-Filtreli-PVC-Sondaj-Borularix.jpg 600w, https:\/\/www.hatboru.com\/wp-content\/uploads\/2023\/08\/Kapali-ve-Filtreli-PVC-Sondaj-Borularix-300x200.jpg 300w\" sizes=\"(max-width: 600px) 100vw, 600px\" \/><h2 class=\"woocommerce-loop-product__title\">Filtered &#8211; Blank PVC Casing Pipes<\/h2>\n<\/a><\/li>\n<li class=\"product type-product post-3996 status-publish last instock product_cat-drill-pipes-en product_cat-steel-drill-pipes-en has-post-thumbnail shipping-taxable product-type-simple\">\n\t<a href=\"https:\/\/www.hatboru.com\/en\/urunler\/straight-filtered-casing-pipes\/\" class=\"woocommerce-LoopProduct-link woocommerce-loop-product__link\"><img loading=\"lazy\" decoding=\"async\" width=\"600\" height=\"400\" src=\"https:\/\/www.hatboru.com\/wp-content\/uploads\/2023\/08\/Duz-Filtreli-Celik-Sondaj-Borulari.jpg\" class=\"attachment-full\" alt=\"D\u00fcz Filtreli \u00c7elik Sondaj Borular\u0131\" title=\"D\u00fcz Filtreli \u00c7elik Sondaj Borular\u0131\" srcset=\"https:\/\/www.hatboru.com\/wp-content\/uploads\/2023\/08\/Duz-Filtreli-Celik-Sondaj-Borulari.jpg 600w, https:\/\/www.hatboru.com\/wp-content\/uploads\/2023\/08\/Duz-Filtreli-Celik-Sondaj-Borulari-300x200.jpg 300w\" sizes=\"(max-width: 600px) 100vw, 600px\" \/><h2 class=\"woocommerce-loop-product__title\">Filtered Casing Pipes<\/h2>\n<\/a><\/li>\n<li class=\"product type-product post-3995 status-publish first instock product_cat-drill-pipes-en product_cat-steel-drill-pipes-en has-post-thumbnail shipping-taxable product-type-simple\">\n\t<a href=\"https:\/\/www.hatboru.com\/en\/urunler\/bridge-filtered-steel-drill-pipes\/\" class=\"woocommerce-LoopProduct-link woocommerce-loop-product__link\"><img loading=\"lazy\" decoding=\"async\" width=\"600\" height=\"400\" src=\"https:\/\/www.hatboru.com\/wp-content\/uploads\/2023\/08\/Kopru-Filtreli-Celik-Sondaj-Borulari.jpg\" class=\"attachment-full\" alt=\"K\u00f6pr\u00fc Filtreli \u00c7elik Sondaj Borular\u0131\" title=\"K\u00f6pr\u00fc Filtreli \u00c7elik Sondaj Borular\u0131\" srcset=\"https:\/\/www.hatboru.com\/wp-content\/uploads\/2023\/08\/Kopru-Filtreli-Celik-Sondaj-Borulari.jpg 600w, https:\/\/www.hatboru.com\/wp-content\/uploads\/2023\/08\/Kopru-Filtreli-Celik-Sondaj-Borulari-300x200.jpg 300w\" sizes=\"(max-width: 600px) 100vw, 600px\" \/><h2 class=\"woocommerce-loop-product__title\">Bridge Filtered Steel Drill Pipes<\/h2>\n<\/a><\/li>\n<li class=\"product type-product post-3999 status-publish instock product_cat-spiral-welded-steel-pipes-en has-post-thumbnail shipping-taxable product-type-simple\">\n\t<a href=\"https:\/\/www.hatboru.com\/en\/urunler\/pipe-fittings-and-flanges\/\" class=\"woocommerce-LoopProduct-link woocommerce-loop-product__link\"><img loading=\"lazy\" decoding=\"async\" width=\"1024\" height=\"719\" src=\"https:\/\/www.hatboru.com\/wp-content\/uploads\/2023\/08\/Boru-Ek-Parcalari-ve-Flanslar.jpg\" class=\"attachment-full\" alt=\"Boru Ek Par\u00e7alar\u0131 ve Flan\u015flar\" title=\"Boru Ek Par\u00e7alar\u0131 ve Flan\u015flar\" srcset=\"https:\/\/www.hatboru.com\/wp-content\/uploads\/2023\/08\/Boru-Ek-Parcalari-ve-Flanslar.jpg 1024w, https:\/\/www.hatboru.com\/wp-content\/uploads\/2023\/08\/Boru-Ek-Parcalari-ve-Flanslar-300x211.jpg 300w, https:\/\/www.hatboru.com\/wp-content\/uploads\/2023\/08\/Boru-Ek-Parcalari-ve-Flanslar-768x539.jpg 768w, https:\/\/www.hatboru.com\/wp-content\/uploads\/2023\/08\/Boru-Ek-Parcalari-ve-Flanslar-600x421.jpg 600w\" sizes=\"(max-width: 1024px) 100vw, 1024px\" \/><h2 class=\"woocommerce-loop-product__title\">Pipe Fittings and Flanges<\/h2>\n<\/a><\/li>\n<li class=\"product type-product post-4000 status-publish instock product_cat-spiral-welded-steel-pipes-en has-post-thumbnail shipping-taxable product-type-simple\">\n\t<a href=\"https:\/\/www.hatboru.com\/en\/urunler\/steel-pipe-internal-and-external-coating-lining\/\" class=\"woocommerce-LoopProduct-link woocommerce-loop-product__link\"><img loading=\"lazy\" decoding=\"async\" width=\"640\" height=\"427\" src=\"https:\/\/www.hatboru.com\/wp-content\/uploads\/2023\/08\/Celik-Boru-Ic-ve-Dis-Kaplamalari.jpg\" class=\"attachment-full\" alt=\"\u00c7elik Boru \u0130\u00e7 ve D\u0131\u015f Kaplamalar\u0131\" title=\"\u00c7elik Boru \u0130\u00e7 ve D\u0131\u015f Kaplamalar\u0131\" srcset=\"https:\/\/www.hatboru.com\/wp-content\/uploads\/2023\/08\/Celik-Boru-Ic-ve-Dis-Kaplamalari.jpg 640w, https:\/\/www.hatboru.com\/wp-content\/uploads\/2023\/08\/Celik-Boru-Ic-ve-Dis-Kaplamalari-300x200.jpg 300w, https:\/\/www.hatboru.com\/wp-content\/uploads\/2023\/08\/Celik-Boru-Ic-ve-Dis-Kaplamalari-600x400.jpg 600w\" sizes=\"(max-width: 640px) 100vw, 640px\" \/><h2 class=\"woocommerce-loop-product__title\">Steel Pipe Internal and External Coating &#038; Lining<\/h2>\n<\/a><\/li>\n<li class=\"product type-product post-4146 status-publish last instock product_cat-celik-borular product_cat-seamless-steel-octg-pipes has-post-thumbnail shipping-taxable product-type-simple\">\n\t<a href=\"https:\/\/www.hatboru.com\/en\/urunler\/seamless-steel-octg-pipe\/\" class=\"woocommerce-LoopProduct-link woocommerce-loop-product__link\"><img loading=\"lazy\" decoding=\"async\" width=\"940\" height=\"325\" src=\"https:\/\/www.hatboru.com\/wp-content\/uploads\/2023\/11\/octg-pipes-1.jpg\" class=\"attachment-full\" alt=\"octg-pipes-1\" title=\"octg-pipes-1\" srcset=\"https:\/\/www.hatboru.com\/wp-content\/uploads\/2023\/11\/octg-pipes-1.jpg 940w, https:\/\/www.hatboru.com\/wp-content\/uploads\/2023\/11\/octg-pipes-1-300x104.jpg 300w, https:\/\/www.hatboru.com\/wp-content\/uploads\/2023\/11\/octg-pipes-1-768x266.jpg 768w, https:\/\/www.hatboru.com\/wp-content\/uploads\/2023\/11\/octg-pipes-1-600x207.jpg 600w\" sizes=\"(max-width: 940px) 100vw, 940px\" \/><h2 class=\"woocommerce-loop-product__title\">Seamless Steel OCTG Pipes<\/h2>\n<\/a><\/li>\n<\/ul>\n<\/div>\n<div id=\"gtx-trans\" style=\"position: absolute; left: -61px; top: 0px;\">\n<div class=\"gtx-trans-icon\"><\/div>\n<\/div>\n","protected":false},"excerpt":{"rendered":"","protected":false},"author":1,"featured_media":0,"parent":0,"menu_order":0,"comment_status":"closed","ping_status":"closed","template":"","meta":{"_acf_changed":false,"inline_featured_image":false,"_joinchat":[],"footnotes":""},"class_list":["post-3836","page","type-page","status-publish","hentry"],"acf":[],"aioseo_notices":[],"_links":{"self":[{"href":"https:\/\/www.hatboru.com\/en\/wp-json\/wp\/v2\/pages\/3836","targetHints":{"allow":["GET"]}}],"collection":[{"href":"https:\/\/www.hatboru.com\/en\/wp-json\/wp\/v2\/pages"}],"about":[{"href":"https:\/\/www.hatboru.com\/en\/wp-json\/wp\/v2\/types\/page"}],"author":[{"embeddable":true,"href":"https:\/\/www.hatboru.com\/en\/wp-json\/wp\/v2\/users\/1"}],"replies":[{"embeddable":true,"href":"https:\/\/www.hatboru.com\/en\/wp-json\/wp\/v2\/comments?post=3836"}],"version-history":[{"count":6,"href":"https:\/\/www.hatboru.com\/en\/wp-json\/wp\/v2\/pages\/3836\/revisions"}],"predecessor-version":[{"id":4010,"href":"https:\/\/www.hatboru.com\/en\/wp-json\/wp\/v2\/pages\/3836\/revisions\/4010"}],"wp:attachment":[{"href":"https:\/\/www.hatboru.com\/en\/wp-json\/wp\/v2\/media?parent=3836"}],"curies":[{"name":"wp","href":"https:\/\/api.w.org\/{rel}","templated":true}]}}