{"id":3833,"date":"2023-08-16T11:30:04","date_gmt":"2023-08-16T11:30:04","guid":{"rendered":"https:\/\/charming-stonebraker.91-151-83-138.plesk.page\/tahribatli-testler\/"},"modified":"2023-10-31T19:23:22","modified_gmt":"2023-10-31T19:23:22","slug":"destructive-tests","status":"publish","type":"page","link":"https:\/\/www.hatboru.com\/en\/destructive-tests\/","title":{"rendered":"Destructive Tests"},"content":{"rendered":"\t\t<div data-elementor-type=\"wp-page\" data-elementor-id=\"3833\" class=\"elementor elementor-3833\" data-elementor-post-type=\"page\">\n\t\t\t\t\t\t<div class=\"elementor-section elementor-top-section elementor-element elementor-element-58a5a4c elementor-section-boxed elementor-section-height-default elementor-section-height-default\" data-id=\"58a5a4c\" data-element_type=\"section\" data-e-type=\"section\" data-settings=\"{&quot;background_background&quot;:&quot;gradient&quot;}\">\n\t\t\t\t\t\t\t<div class=\"elementor-background-overlay\"><\/div>\n\t\t\t\t\t\t\t<div class=\"elementor-container elementor-column-gap-default\">\n\t\t\t\t\t<div class=\"elementor-column elementor-col-100 elementor-top-column elementor-element elementor-element-8887b08\" data-id=\"8887b08\" data-element_type=\"column\" data-e-type=\"column\">\n\t\t\t<div class=\"elementor-widget-wrap elementor-element-populated\">\n\t\t\t\t\t\t<div class=\"elementor-element elementor-element-e65add5 elementor-widget elementor-widget-heading\" data-id=\"e65add5\" data-element_type=\"widget\" data-e-type=\"widget\" data-widget_type=\"heading.default\">\n\t\t\t\t<div class=\"elementor-widget-container\">\n\t\t\t\t\t<h2 class=\"elementor-heading-title elementor-size-default\">Quality Control\n<\/h2>\t\t\t\t<\/div>\n\t\t\t\t<\/div>\n\t\t\t\t<div class=\"elementor-element elementor-element-3fe9e14 elementor-widget elementor-widget-text-editor\" data-id=\"3fe9e14\" data-element_type=\"widget\" data-e-type=\"widget\" data-widget_type=\"text-editor.default\">\n\t\t\t\t<div class=\"elementor-widget-container\">\n\t\t\t\t\t\t\t\t\t<p style=\"text-align: center;\">Hatboru is a 100% Turkish brand with 100% Turkish capital.<\/p>\t\t\t\t\t\t\t\t<\/div>\n\t\t\t\t<\/div>\n\t\t\t\t\t<\/div>\n\t\t<\/div>\n\t\t\t\t\t<\/div>\n\t\t<\/div>\n\t\t\t\t<div class=\"elementor-section elementor-top-section elementor-element elementor-element-7e2e858 elementor-section-boxed elementor-section-height-default elementor-section-height-default\" data-id=\"7e2e858\" data-element_type=\"section\" data-e-type=\"section\">\n\t\t\t\t\t\t<div class=\"elementor-container elementor-column-gap-default\">\n\t\t\t\t\t<div class=\"elementor-column elementor-col-100 elementor-top-column elementor-element elementor-element-c72ec2c\" data-id=\"c72ec2c\" data-element_type=\"column\" data-e-type=\"column\">\n\t\t\t<div class=\"elementor-widget-wrap elementor-element-populated\">\n\t\t\t\t\t\t<div class=\"elementor-element elementor-element-7e418d3 elementor-widget-divider--view-line elementor-widget elementor-widget-divider\" data-id=\"7e418d3\" data-element_type=\"widget\" data-e-type=\"widget\" data-widget_type=\"divider.default\">\n\t\t\t\t<div class=\"elementor-widget-container\">\n\t\t\t\t\t\t\t<div class=\"elementor-divider\">\n\t\t\t<span class=\"elementor-divider-separator\">\n\t\t\t\t\t\t<\/span>\n\t\t<\/div>\n\t\t\t\t\t\t<\/div>\n\t\t\t\t<\/div>\n\t\t\t\t\t<\/div>\n\t\t<\/div>\n\t\t\t\t\t<\/div>\n\t\t<\/div>\n\t\t\t\t<section class=\"elementor-section elementor-top-section elementor-element elementor-element-8a34b12 elementor-section-boxed elementor-section-height-default elementor-section-height-default\" data-id=\"8a34b12\" data-element_type=\"section\" data-e-type=\"section\">\n\t\t\t\t\t\t<div class=\"elementor-container elementor-column-gap-default\">\n\t\t\t\t\t<div class=\"elementor-column elementor-col-50 elementor-top-column elementor-element elementor-element-f731843\" data-id=\"f731843\" data-element_type=\"column\" data-e-type=\"column\">\n\t\t\t<div class=\"elementor-widget-wrap elementor-element-populated\">\n\t\t\t\t\t\t<div class=\"elementor-element elementor-element-150b11d elementor-widget elementor-widget-heading\" data-id=\"150b11d\" data-element_type=\"widget\" data-e-type=\"widget\" data-widget_type=\"heading.default\">\n\t\t\t\t<div class=\"elementor-widget-container\">\n\t\t\t\t\t<h2 class=\"elementor-heading-title elementor-size-default\"><a href=\"https:\/\/www.hatboru.com\/en\/spiral-welded-steel-pipes-and-coating-lining\/\">Spiral Welded Steel Pipes and Coating &amp; Lining<\/a><\/h2>\t\t\t\t<\/div>\n\t\t\t\t<\/div>\n\t\t\t\t<div class=\"elementor-element elementor-element-f9116a9 elementor-widget elementor-widget-heading\" data-id=\"f9116a9\" data-element_type=\"widget\" data-e-type=\"widget\" data-widget_type=\"heading.default\">\n\t\t\t\t<div class=\"elementor-widget-container\">\n\t\t\t\t\t<h2 class=\"elementor-heading-title elementor-size-default\"><a href=\"https:\/\/www.hatboru.com\/en\/destructive-tests\/\"><li>Destructive Tests\n<\/li>\n<\/a><\/h2>\t\t\t\t<\/div>\n\t\t\t\t<\/div>\n\t\t\t\t<div class=\"elementor-element elementor-element-d35c8c7 elementor-widget elementor-widget-heading\" data-id=\"d35c8c7\" data-element_type=\"widget\" data-e-type=\"widget\" data-widget_type=\"heading.default\">\n\t\t\t\t<div class=\"elementor-widget-container\">\n\t\t\t\t\t<h2 class=\"elementor-heading-title elementor-size-default\"><a href=\"https:\/\/www.hatboru.com\/en\/non-destructive-testing\/\"><li>Non-destructive testing<\/li>\n<\/a><\/h2>\t\t\t\t<\/div>\n\t\t\t\t<\/div>\n\t\t\t\t<div class=\"elementor-element elementor-element-35fdac0 elementor-widget elementor-widget-heading\" data-id=\"35fdac0\" data-element_type=\"widget\" data-e-type=\"widget\" data-widget_type=\"heading.default\">\n\t\t\t\t<div class=\"elementor-widget-container\">\n\t\t\t\t\t<h2 class=\"elementor-heading-title elementor-size-default\"><a href=\"https:\/\/www.hatboru.com\/en\/coating-and-lining-tests\/\"><li>Coating and Lining Tests<\/li>\n<\/a><\/h2>\t\t\t\t<\/div>\n\t\t\t\t<\/div>\n\t\t\t\t<div class=\"elementor-element elementor-element-c56923c elementor-widget-divider--view-line elementor-widget elementor-widget-divider\" data-id=\"c56923c\" data-element_type=\"widget\" data-e-type=\"widget\" data-widget_type=\"divider.default\">\n\t\t\t\t<div class=\"elementor-widget-container\">\n\t\t\t\t\t\t\t<div class=\"elementor-divider\">\n\t\t\t<span class=\"elementor-divider-separator\">\n\t\t\t\t\t\t<\/span>\n\t\t<\/div>\n\t\t\t\t\t\t<\/div>\n\t\t\t\t<\/div>\n\t\t\t\t<div class=\"elementor-element elementor-element-3805f54 elementor-widget elementor-widget-heading\" data-id=\"3805f54\" data-element_type=\"widget\" data-e-type=\"widget\" data-widget_type=\"heading.default\">\n\t\t\t\t<div class=\"elementor-widget-container\">\n\t\t\t\t\t<h2 class=\"elementor-heading-title elementor-size-default\"><a href=\"https:\/\/www.hatboru.com\/en\/plastic-pipe-quality-control-process\/\">Plastic Pipe Quality Control Process<\/a><\/h2>\t\t\t\t<\/div>\n\t\t\t\t<\/div>\n\t\t\t\t<div class=\"elementor-element elementor-element-cdc6841 elementor-widget-divider--view-line elementor-widget elementor-widget-divider\" data-id=\"cdc6841\" data-element_type=\"widget\" data-e-type=\"widget\" data-widget_type=\"divider.default\">\n\t\t\t\t<div class=\"elementor-widget-container\">\n\t\t\t\t\t\t\t<div class=\"elementor-divider\">\n\t\t\t<span class=\"elementor-divider-separator\">\n\t\t\t\t\t\t<\/span>\n\t\t<\/div>\n\t\t\t\t\t\t<\/div>\n\t\t\t\t<\/div>\n\t\t\t\t<div class=\"elementor-element elementor-element-016a59a elementor-widget elementor-widget-heading\" data-id=\"016a59a\" data-element_type=\"widget\" data-e-type=\"widget\" data-widget_type=\"heading.default\">\n\t\t\t\t<div class=\"elementor-widget-container\">\n\t\t\t\t\t<h2 class=\"elementor-heading-title elementor-size-default\"><a href=\"https:\/\/www.hatboru.com\/en\/laboratory-testing-services\/\">Laboratory Testing Services<\/a><\/h2>\t\t\t\t<\/div>\n\t\t\t\t<\/div>\n\t\t\t\t\t<\/div>\n\t\t<\/div>\n\t\t\t\t<div class=\"elementor-column elementor-col-50 elementor-top-column elementor-element elementor-element-56658f7\" data-id=\"56658f7\" data-element_type=\"column\" data-e-type=\"column\">\n\t\t\t<div class=\"elementor-widget-wrap elementor-element-populated\">\n\t\t\t\t\t\t<div class=\"elementor-element elementor-element-34f8ce6 elementor-widget elementor-widget-heading\" data-id=\"34f8ce6\" data-element_type=\"widget\" data-e-type=\"widget\" data-widget_type=\"heading.default\">\n\t\t\t\t<div class=\"elementor-widget-container\">\n\t\t\t\t\t<h2 class=\"elementor-heading-title elementor-size-default\">Destructive Tests\n<\/h2>\t\t\t\t<\/div>\n\t\t\t\t<\/div>\n\t\t\t\t<div class=\"elementor-element elementor-element-87491e4 elementor-widget elementor-widget-image-gallery\" data-id=\"87491e4\" data-element_type=\"widget\" data-e-type=\"widget\" data-widget_type=\"image-gallery.default\">\n\t\t\t\t<div class=\"elementor-widget-container\">\n\t\t\t\t\t\t\t<div class=\"elementor-image-gallery\">\n\t\t\t<div id='gallery-1' class='gallery galleryid-3833 gallery-columns-2 gallery-size-full'><figure class='gallery-item'>\n\t\t\t<div class='gallery-icon landscape'>\n\t\t\t\t<a data-elementor-open-lightbox=\"yes\" data-elementor-lightbox-slideshow=\"87491e4\" data-elementor-lightbox-title=\"1-\u00c7ekme testi\" data-e-action-hash=\"#elementor-action%3Aaction%3Dlightbox%26settings%3DeyJpZCI6Mjg0NSwidXJsIjoiaHR0cHM6XC9cL3d3dy5oYXRib3J1LmNvbVwvd3AtY29udGVudFwvdXBsb2Fkc1wvMjAyM1wvMDhcLzEtQ2VrbWUtdGVzdGkuanBnIiwic2xpZGVzaG93IjoiODc0OTFlNCJ9\" href='https:\/\/www.hatboru.com\/wp-content\/uploads\/2023\/08\/1-Cekme-testi.jpg'><img fetchpriority=\"high\" decoding=\"async\" width=\"640\" height=\"427\" src=\"https:\/\/www.hatboru.com\/wp-content\/uploads\/2023\/08\/1-Cekme-testi.jpg\" class=\"attachment-full size-full\" alt=\"1-\u00c7ekme Testi\" aria-describedby=\"gallery-1-2845\" srcset=\"https:\/\/www.hatboru.com\/wp-content\/uploads\/2023\/08\/1-Cekme-testi.jpg 640w, https:\/\/www.hatboru.com\/wp-content\/uploads\/2023\/08\/1-Cekme-testi-300x200.jpg 300w, https:\/\/www.hatboru.com\/wp-content\/uploads\/2023\/08\/1-Cekme-testi-600x400.jpg 600w\" sizes=\"(max-width: 640px) 100vw, 640px\" \/><\/a>\n\t\t\t<\/div>\n\t\t\t\t<figcaption class='wp-caption-text gallery-caption' id='gallery-1-2845'>\n\t\t\t\t1-\u00c7ekme Testi-Tensile Test\n\t\t\t\t<\/figcaption><\/figure><figure class='gallery-item'>\n\t\t\t<div class='gallery-icon landscape'>\n\t\t\t\t<a data-elementor-open-lightbox=\"yes\" data-elementor-lightbox-slideshow=\"87491e4\" data-elementor-lightbox-title=\"2-K\u0131lavuzlu B\u00fckme Testi\" data-e-action-hash=\"#elementor-action%3Aaction%3Dlightbox%26settings%3DeyJpZCI6Mjg0NywidXJsIjoiaHR0cHM6XC9cL3d3dy5oYXRib3J1LmNvbVwvd3AtY29udGVudFwvdXBsb2Fkc1wvMjAyM1wvMDhcLzItS2lsYXZ1emx1LUJ1a21lLVRlc3RpLmpwZyIsInNsaWRlc2hvdyI6Ijg3NDkxZTQifQ%3D%3D\" href='https:\/\/www.hatboru.com\/wp-content\/uploads\/2023\/08\/2-Kilavuzlu-Bukme-Testi.jpg'><img decoding=\"async\" width=\"640\" height=\"427\" src=\"https:\/\/www.hatboru.com\/wp-content\/uploads\/2023\/08\/2-Kilavuzlu-Bukme-Testi.jpg\" class=\"attachment-full size-full\" alt=\"2-K\u0131lavuzlu B\u00fckme Testi\" aria-describedby=\"gallery-1-2847\" srcset=\"https:\/\/www.hatboru.com\/wp-content\/uploads\/2023\/08\/2-Kilavuzlu-Bukme-Testi.jpg 640w, https:\/\/www.hatboru.com\/wp-content\/uploads\/2023\/08\/2-Kilavuzlu-Bukme-Testi-300x200.jpg 300w, https:\/\/www.hatboru.com\/wp-content\/uploads\/2023\/08\/2-Kilavuzlu-Bukme-Testi-600x400.jpg 600w\" sizes=\"(max-width: 640px) 100vw, 640px\" \/><\/a>\n\t\t\t<\/div>\n\t\t\t\t<figcaption class='wp-caption-text gallery-caption' id='gallery-1-2847'>\n\t\t\t\t2-K\u0131lavuzlu B\u00fckme Testi-Guided Bend Test\n\t\t\t\t<\/figcaption><\/figure><figure class='gallery-item'>\n\t\t\t<div class='gallery-icon landscape'>\n\t\t\t\t<a data-elementor-open-lightbox=\"yes\" data-elementor-lightbox-slideshow=\"87491e4\" data-elementor-lightbox-title=\"3-\u00c7entik Darbe Testi\" data-e-action-hash=\"#elementor-action%3Aaction%3Dlightbox%26settings%3DeyJpZCI6Mjg0OSwidXJsIjoiaHR0cHM6XC9cL3d3dy5oYXRib3J1LmNvbVwvd3AtY29udGVudFwvdXBsb2Fkc1wvMjAyM1wvMDhcLzMtQ2VudGlrLURhcmJlLVRlc3RpLmpwZyIsInNsaWRlc2hvdyI6Ijg3NDkxZTQifQ%3D%3D\" href='https:\/\/www.hatboru.com\/wp-content\/uploads\/2023\/08\/3-Centik-Darbe-Testi.jpg'><img decoding=\"async\" width=\"640\" height=\"427\" src=\"https:\/\/www.hatboru.com\/wp-content\/uploads\/2023\/08\/3-Centik-Darbe-Testi.jpg\" class=\"attachment-full size-full\" alt=\"3-\u00c7entik Darbe Testi\" aria-describedby=\"gallery-1-2849\" srcset=\"https:\/\/www.hatboru.com\/wp-content\/uploads\/2023\/08\/3-Centik-Darbe-Testi.jpg 640w, https:\/\/www.hatboru.com\/wp-content\/uploads\/2023\/08\/3-Centik-Darbe-Testi-300x200.jpg 300w, https:\/\/www.hatboru.com\/wp-content\/uploads\/2023\/08\/3-Centik-Darbe-Testi-600x400.jpg 600w\" sizes=\"(max-width: 640px) 100vw, 640px\" \/><\/a>\n\t\t\t<\/div>\n\t\t\t\t<figcaption class='wp-caption-text gallery-caption' id='gallery-1-2849'>\n\t\t\t\t3-\u00c7entik Darbe Testi-Charpy Impact Test\n\t\t\t\t<\/figcaption><\/figure><figure class='gallery-item'>\n\t\t\t<div class='gallery-icon landscape'>\n\t\t\t\t<a data-elementor-open-lightbox=\"yes\" data-elementor-lightbox-slideshow=\"87491e4\" data-elementor-lightbox-title=\"4-Sertlik Testi\" data-e-action-hash=\"#elementor-action%3Aaction%3Dlightbox%26settings%3DeyJpZCI6Mjg1MSwidXJsIjoiaHR0cHM6XC9cL3d3dy5oYXRib3J1LmNvbVwvd3AtY29udGVudFwvdXBsb2Fkc1wvMjAyM1wvMDhcLzQtU2VydGxpay1UZXN0aS5qcGciLCJzbGlkZXNob3ciOiI4NzQ5MWU0In0%3D\" href='https:\/\/www.hatboru.com\/wp-content\/uploads\/2023\/08\/4-Sertlik-Testi.jpg'><img loading=\"lazy\" decoding=\"async\" width=\"640\" height=\"427\" src=\"https:\/\/www.hatboru.com\/wp-content\/uploads\/2023\/08\/4-Sertlik-Testi.jpg\" class=\"attachment-full size-full\" alt=\"4-Sertlik Testi\" aria-describedby=\"gallery-1-2851\" srcset=\"https:\/\/www.hatboru.com\/wp-content\/uploads\/2023\/08\/4-Sertlik-Testi.jpg 640w, https:\/\/www.hatboru.com\/wp-content\/uploads\/2023\/08\/4-Sertlik-Testi-300x200.jpg 300w, https:\/\/www.hatboru.com\/wp-content\/uploads\/2023\/08\/4-Sertlik-Testi-600x400.jpg 600w\" sizes=\"(max-width: 640px) 100vw, 640px\" \/><\/a>\n\t\t\t<\/div>\n\t\t\t\t<figcaption class='wp-caption-text gallery-caption' id='gallery-1-2851'>\n\t\t\t\t4-Sertlik Testi-Hardness Test\n\t\t\t\t<\/figcaption><\/figure><figure class='gallery-item'>\n\t\t\t<div class='gallery-icon landscape'>\n\t\t\t\t<a data-elementor-open-lightbox=\"yes\" data-elementor-lightbox-slideshow=\"87491e4\" data-elementor-lightbox-title=\"5-Kimyasal Analiz\" data-e-action-hash=\"#elementor-action%3Aaction%3Dlightbox%26settings%3DeyJpZCI6Mjg1MywidXJsIjoiaHR0cHM6XC9cL3d3dy5oYXRib3J1LmNvbVwvd3AtY29udGVudFwvdXBsb2Fkc1wvMjAyM1wvMDhcLzUtS2lteWFzYWwtQW5hbGl6LmpwZyIsInNsaWRlc2hvdyI6Ijg3NDkxZTQifQ%3D%3D\" href='https:\/\/www.hatboru.com\/wp-content\/uploads\/2023\/08\/5-Kimyasal-Analiz.jpg'><img loading=\"lazy\" decoding=\"async\" width=\"640\" height=\"427\" src=\"https:\/\/www.hatboru.com\/wp-content\/uploads\/2023\/08\/5-Kimyasal-Analiz.jpg\" class=\"attachment-full size-full\" alt=\"5-Kimyasal Analiz\" aria-describedby=\"gallery-1-2853\" srcset=\"https:\/\/www.hatboru.com\/wp-content\/uploads\/2023\/08\/5-Kimyasal-Analiz.jpg 640w, https:\/\/www.hatboru.com\/wp-content\/uploads\/2023\/08\/5-Kimyasal-Analiz-300x200.jpg 300w, https:\/\/www.hatboru.com\/wp-content\/uploads\/2023\/08\/5-Kimyasal-Analiz-600x400.jpg 600w\" sizes=\"(max-width: 640px) 100vw, 640px\" \/><\/a>\n\t\t\t<\/div>\n\t\t\t\t<figcaption class='wp-caption-text gallery-caption' id='gallery-1-2853'>\n\t\t\t\t5-Kimyasal Analiz-Chemical Analysis\n\t\t\t\t<\/figcaption><\/figure><figure class='gallery-item'>\n\t\t\t<div class='gallery-icon landscape'>\n\t\t\t\t<a data-elementor-open-lightbox=\"yes\" data-elementor-lightbox-slideshow=\"87491e4\" data-elementor-lightbox-title=\"6-Makrografik Muayene\" data-e-action-hash=\"#elementor-action%3Aaction%3Dlightbox%26settings%3DeyJpZCI6Mjg1NSwidXJsIjoiaHR0cHM6XC9cL3d3dy5oYXRib3J1LmNvbVwvd3AtY29udGVudFwvdXBsb2Fkc1wvMjAyM1wvMDhcLzYtTWFrcm9ncmFmaWstTXVheWVuZS5qcGciLCJzbGlkZXNob3ciOiI4NzQ5MWU0In0%3D\" href='https:\/\/www.hatboru.com\/wp-content\/uploads\/2023\/08\/6-Makrografik-Muayene.jpg'><img loading=\"lazy\" decoding=\"async\" width=\"640\" height=\"427\" src=\"https:\/\/www.hatboru.com\/wp-content\/uploads\/2023\/08\/6-Makrografik-Muayene.jpg\" class=\"attachment-full size-full\" alt=\"6-Makrografik Muayene\" aria-describedby=\"gallery-1-2855\" srcset=\"https:\/\/www.hatboru.com\/wp-content\/uploads\/2023\/08\/6-Makrografik-Muayene.jpg 640w, https:\/\/www.hatboru.com\/wp-content\/uploads\/2023\/08\/6-Makrografik-Muayene-300x200.jpg 300w, https:\/\/www.hatboru.com\/wp-content\/uploads\/2023\/08\/6-Makrografik-Muayene-600x400.jpg 600w\" sizes=\"(max-width: 640px) 100vw, 640px\" \/><\/a>\n\t\t\t<\/div>\n\t\t\t\t<figcaption class='wp-caption-text gallery-caption' id='gallery-1-2855'>\n\t\t\t\t6-Makrografik Muayene-Macro Examination\n\t\t\t\t<\/figcaption><\/figure><figure class='gallery-item'>\n\t\t\t<div class='gallery-icon landscape'>\n\t\t\t\t<a data-elementor-open-lightbox=\"yes\" data-elementor-lightbox-slideshow=\"87491e4\" data-elementor-lightbox-title=\"7-D\u00fc\u015fmede Y\u0131rt\u0131lma Testi\" data-e-action-hash=\"#elementor-action%3Aaction%3Dlightbox%26settings%3DeyJpZCI6Mjg1NywidXJsIjoiaHR0cHM6XC9cL3d3dy5oYXRib3J1LmNvbVwvd3AtY29udGVudFwvdXBsb2Fkc1wvMjAyM1wvMDhcLzctRHVzbWVkZS1ZaXJ0aWxtYS1UZXN0aS5qcGciLCJzbGlkZXNob3ciOiI4NzQ5MWU0In0%3D\" href='https:\/\/www.hatboru.com\/wp-content\/uploads\/2023\/08\/7-Dusmede-Yirtilma-Testi.jpg'><img loading=\"lazy\" decoding=\"async\" width=\"640\" height=\"427\" src=\"https:\/\/www.hatboru.com\/wp-content\/uploads\/2023\/08\/7-Dusmede-Yirtilma-Testi.jpg\" class=\"attachment-full size-full\" alt=\"7-D\u00fc\u015fmede Y\u0131rt\u0131lma Testi\" aria-describedby=\"gallery-1-2857\" srcset=\"https:\/\/www.hatboru.com\/wp-content\/uploads\/2023\/08\/7-Dusmede-Yirtilma-Testi.jpg 640w, https:\/\/www.hatboru.com\/wp-content\/uploads\/2023\/08\/7-Dusmede-Yirtilma-Testi-300x200.jpg 300w, https:\/\/www.hatboru.com\/wp-content\/uploads\/2023\/08\/7-Dusmede-Yirtilma-Testi-600x400.jpg 600w\" sizes=\"(max-width: 640px) 100vw, 640px\" \/><\/a>\n\t\t\t<\/div>\n\t\t\t\t<figcaption class='wp-caption-text gallery-caption' id='gallery-1-2857'>\n\t\t\t\t7-D\u00fc\u015fmede Y\u0131rt\u0131lma Testi-Drop Weight Tear Test\n\t\t\t\t<\/figcaption><\/figure>\n\t\t<\/div>\n\t\t<\/div>\n\t\t\t\t\t\t<\/div>\n\t\t\t\t<\/div>\n\t\t\t\t\t<\/div>\n\t\t<\/div>\n\t\t\t\t\t<\/div>\n\t\t<\/section>\n\t\t\t\t<\/div>\n\t\t","protected":false},"excerpt":{"rendered":"<p>Quality Control Hatboru is a 100% Turkish brand with 100% Turkish capital. Spiral Welded Steel Pipes and Coating &#038; Lining Destructive Tests Non-destructive testing Coating and Lining Tests Plastic Pipe Quality Control Process Laboratory Testing Services Destructive Tests 1-\u00c7ekme Testi-Tensile Test 2-K\u0131lavuzlu B\u00fckme Testi-Guided Bend Test 3-\u00c7entik Darbe Testi-Charpy Impact Test 4-Sertlik Testi-Hardness Test 5-Kimyasal [&hellip;]<\/p>\n","protected":false},"author":1,"featured_media":0,"parent":0,"menu_order":0,"comment_status":"closed","ping_status":"closed","template":"tmpl\/template-fullwidth.php","meta":{"_acf_changed":false,"inline_featured_image":false,"_joinchat":[],"footnotes":""},"class_list":["post-3833","page","type-page","status-publish","hentry"],"acf":[],"aioseo_notices":[],"_links":{"self":[{"href":"https:\/\/www.hatboru.com\/en\/wp-json\/wp\/v2\/pages\/3833","targetHints":{"allow":["GET"]}}],"collection":[{"href":"https:\/\/www.hatboru.com\/en\/wp-json\/wp\/v2\/pages"}],"about":[{"href":"https:\/\/www.hatboru.com\/en\/wp-json\/wp\/v2\/types\/page"}],"author":[{"embeddable":true,"href":"https:\/\/www.hatboru.com\/en\/wp-json\/wp\/v2\/users\/1"}],"replies":[{"embeddable":true,"href":"https:\/\/www.hatboru.com\/en\/wp-json\/wp\/v2\/comments?post=3833"}],"version-history":[{"count":10,"href":"https:\/\/www.hatboru.com\/en\/wp-json\/wp\/v2\/pages\/3833\/revisions"}],"predecessor-version":[{"id":3968,"href":"https:\/\/www.hatboru.com\/en\/wp-json\/wp\/v2\/pages\/3833\/revisions\/3968"}],"wp:attachment":[{"href":"https:\/\/www.hatboru.com\/en\/wp-json\/wp\/v2\/media?parent=3833"}],"curies":[{"name":"wp","href":"https:\/\/api.w.org\/{rel}","templated":true}]}}