{"id":3818,"date":"2023-08-16T12:30:52","date_gmt":"2023-08-16T12:30:52","guid":{"rendered":"https:\/\/charming-stonebraker.91-151-83-138.plesk.page\/kaplama-testleri\/"},"modified":"2023-10-31T19:23:15","modified_gmt":"2023-10-31T19:23:15","slug":"coating-and-lining-tests","status":"publish","type":"page","link":"https:\/\/www.hatboru.com\/en\/coating-and-lining-tests\/","title":{"rendered":"Coating and Lining Tests"},"content":{"rendered":"\t\t<div data-elementor-type=\"wp-page\" data-elementor-id=\"3818\" class=\"elementor elementor-3818\" data-elementor-post-type=\"page\">\n\t\t\t\t\t\t<div class=\"elementor-section elementor-top-section elementor-element elementor-element-58a5a4c elementor-section-boxed elementor-section-height-default elementor-section-height-default\" data-id=\"58a5a4c\" data-element_type=\"section\" data-e-type=\"section\" data-settings=\"{&quot;background_background&quot;:&quot;gradient&quot;}\">\n\t\t\t\t\t\t\t<div class=\"elementor-background-overlay\"><\/div>\n\t\t\t\t\t\t\t<div class=\"elementor-container elementor-column-gap-default\">\n\t\t\t\t\t<div class=\"elementor-column elementor-col-100 elementor-top-column elementor-element elementor-element-8887b08\" data-id=\"8887b08\" data-element_type=\"column\" data-e-type=\"column\">\n\t\t\t<div class=\"elementor-widget-wrap elementor-element-populated\">\n\t\t\t\t\t\t<div class=\"elementor-element elementor-element-e65add5 elementor-widget elementor-widget-heading\" data-id=\"e65add5\" data-element_type=\"widget\" data-e-type=\"widget\" data-widget_type=\"heading.default\">\n\t\t\t\t<div class=\"elementor-widget-container\">\n\t\t\t\t\t<h2 class=\"elementor-heading-title elementor-size-default\">Quality Control\n<\/h2>\t\t\t\t<\/div>\n\t\t\t\t<\/div>\n\t\t\t\t<div class=\"elementor-element elementor-element-3fe9e14 elementor-widget elementor-widget-text-editor\" data-id=\"3fe9e14\" data-element_type=\"widget\" data-e-type=\"widget\" data-widget_type=\"text-editor.default\">\n\t\t\t\t<div class=\"elementor-widget-container\">\n\t\t\t\t\t\t\t\t\t<p style=\"text-align: center;\">Hatboru is a 100% Turkish brand with 100% Turkish capital.<\/p>\t\t\t\t\t\t\t\t<\/div>\n\t\t\t\t<\/div>\n\t\t\t\t\t<\/div>\n\t\t<\/div>\n\t\t\t\t\t<\/div>\n\t\t<\/div>\n\t\t\t\t<div class=\"elementor-section elementor-top-section elementor-element elementor-element-7e2e858 elementor-section-boxed elementor-section-height-default elementor-section-height-default\" data-id=\"7e2e858\" data-element_type=\"section\" data-e-type=\"section\">\n\t\t\t\t\t\t<div class=\"elementor-container elementor-column-gap-default\">\n\t\t\t\t\t<div class=\"elementor-column elementor-col-100 elementor-top-column elementor-element elementor-element-c72ec2c\" data-id=\"c72ec2c\" data-element_type=\"column\" data-e-type=\"column\">\n\t\t\t<div class=\"elementor-widget-wrap elementor-element-populated\">\n\t\t\t\t\t\t<div class=\"elementor-element elementor-element-7e418d3 elementor-widget-divider--view-line elementor-widget elementor-widget-divider\" data-id=\"7e418d3\" data-element_type=\"widget\" data-e-type=\"widget\" data-widget_type=\"divider.default\">\n\t\t\t\t<div class=\"elementor-widget-container\">\n\t\t\t\t\t\t\t<div class=\"elementor-divider\">\n\t\t\t<span class=\"elementor-divider-separator\">\n\t\t\t\t\t\t<\/span>\n\t\t<\/div>\n\t\t\t\t\t\t<\/div>\n\t\t\t\t<\/div>\n\t\t\t\t\t<\/div>\n\t\t<\/div>\n\t\t\t\t\t<\/div>\n\t\t<\/div>\n\t\t\t\t<section class=\"elementor-section elementor-top-section elementor-element elementor-element-8a34b12 elementor-section-boxed elementor-section-height-default elementor-section-height-default\" data-id=\"8a34b12\" data-element_type=\"section\" data-e-type=\"section\">\n\t\t\t\t\t\t<div class=\"elementor-container elementor-column-gap-default\">\n\t\t\t\t\t<div class=\"elementor-column elementor-col-50 elementor-top-column elementor-element elementor-element-cab11fe\" data-id=\"cab11fe\" data-element_type=\"column\" data-e-type=\"column\">\n\t\t\t<div class=\"elementor-widget-wrap elementor-element-populated\">\n\t\t\t\t\t\t<div class=\"elementor-element elementor-element-6628eeb elementor-widget elementor-widget-heading\" data-id=\"6628eeb\" data-element_type=\"widget\" data-e-type=\"widget\" data-widget_type=\"heading.default\">\n\t\t\t\t<div class=\"elementor-widget-container\">\n\t\t\t\t\t<h2 class=\"elementor-heading-title elementor-size-default\"><a href=\"https:\/\/www.hatboru.com\/en\/spiral-welded-steel-pipes-and-coating-lining\/\">Spiral Welded Steel Pipes and Coating &amp; Lining<\/a><\/h2>\t\t\t\t<\/div>\n\t\t\t\t<\/div>\n\t\t\t\t<div class=\"elementor-element elementor-element-05af6f5 elementor-widget elementor-widget-heading\" data-id=\"05af6f5\" data-element_type=\"widget\" data-e-type=\"widget\" data-widget_type=\"heading.default\">\n\t\t\t\t<div class=\"elementor-widget-container\">\n\t\t\t\t\t<h2 class=\"elementor-heading-title elementor-size-default\"><a href=\"https:\/\/www.hatboru.com\/en\/destructive-tests\/\"><li>Destructive Tests\n<\/li>\n<\/a><\/h2>\t\t\t\t<\/div>\n\t\t\t\t<\/div>\n\t\t\t\t<div class=\"elementor-element elementor-element-ba7537b elementor-widget elementor-widget-heading\" data-id=\"ba7537b\" data-element_type=\"widget\" data-e-type=\"widget\" data-widget_type=\"heading.default\">\n\t\t\t\t<div class=\"elementor-widget-container\">\n\t\t\t\t\t<h2 class=\"elementor-heading-title elementor-size-default\"><a href=\"https:\/\/www.hatboru.com\/en\/non-destructive-testing\/\"><li>Non-destructive testing<\/li>\n<\/a><\/h2>\t\t\t\t<\/div>\n\t\t\t\t<\/div>\n\t\t\t\t<div class=\"elementor-element elementor-element-f4d5669 elementor-widget elementor-widget-heading\" data-id=\"f4d5669\" data-element_type=\"widget\" data-e-type=\"widget\" data-widget_type=\"heading.default\">\n\t\t\t\t<div class=\"elementor-widget-container\">\n\t\t\t\t\t<h2 class=\"elementor-heading-title elementor-size-default\"><a href=\"https:\/\/www.hatboru.com\/en\/coating-and-lining-tests\/\"><li>Coating and Lining Tests<\/li>\n<\/a><\/h2>\t\t\t\t<\/div>\n\t\t\t\t<\/div>\n\t\t\t\t<div class=\"elementor-element elementor-element-0e0bee8 elementor-widget-divider--view-line elementor-widget elementor-widget-divider\" data-id=\"0e0bee8\" data-element_type=\"widget\" data-e-type=\"widget\" data-widget_type=\"divider.default\">\n\t\t\t\t<div class=\"elementor-widget-container\">\n\t\t\t\t\t\t\t<div class=\"elementor-divider\">\n\t\t\t<span class=\"elementor-divider-separator\">\n\t\t\t\t\t\t<\/span>\n\t\t<\/div>\n\t\t\t\t\t\t<\/div>\n\t\t\t\t<\/div>\n\t\t\t\t<div class=\"elementor-element elementor-element-67f0ef3 elementor-widget elementor-widget-heading\" data-id=\"67f0ef3\" data-element_type=\"widget\" data-e-type=\"widget\" data-widget_type=\"heading.default\">\n\t\t\t\t<div class=\"elementor-widget-container\">\n\t\t\t\t\t<h2 class=\"elementor-heading-title elementor-size-default\"><a href=\"https:\/\/www.hatboru.com\/en\/plastic-pipe-quality-control-process\/\">Plastic Pipe Quality Control Process<\/a><\/h2>\t\t\t\t<\/div>\n\t\t\t\t<\/div>\n\t\t\t\t<div class=\"elementor-element elementor-element-9c7dbde elementor-widget-divider--view-line elementor-widget elementor-widget-divider\" data-id=\"9c7dbde\" data-element_type=\"widget\" data-e-type=\"widget\" data-widget_type=\"divider.default\">\n\t\t\t\t<div class=\"elementor-widget-container\">\n\t\t\t\t\t\t\t<div class=\"elementor-divider\">\n\t\t\t<span class=\"elementor-divider-separator\">\n\t\t\t\t\t\t<\/span>\n\t\t<\/div>\n\t\t\t\t\t\t<\/div>\n\t\t\t\t<\/div>\n\t\t\t\t<div class=\"elementor-element elementor-element-dcadc64 elementor-widget elementor-widget-heading\" data-id=\"dcadc64\" data-element_type=\"widget\" data-e-type=\"widget\" data-widget_type=\"heading.default\">\n\t\t\t\t<div class=\"elementor-widget-container\">\n\t\t\t\t\t<h2 class=\"elementor-heading-title elementor-size-default\"><a href=\"https:\/\/www.hatboru.com\/en\/laboratory-testing-services\/\">Laboratory Testing Services<\/a><\/h2>\t\t\t\t<\/div>\n\t\t\t\t<\/div>\n\t\t\t\t\t<\/div>\n\t\t<\/div>\n\t\t\t\t<div class=\"elementor-column elementor-col-50 elementor-top-column elementor-element elementor-element-56658f7\" data-id=\"56658f7\" data-element_type=\"column\" data-e-type=\"column\">\n\t\t\t<div class=\"elementor-widget-wrap elementor-element-populated\">\n\t\t\t\t\t\t<div class=\"elementor-element elementor-element-34f8ce6 elementor-widget elementor-widget-heading\" data-id=\"34f8ce6\" data-element_type=\"widget\" data-e-type=\"widget\" data-widget_type=\"heading.default\">\n\t\t\t\t<div class=\"elementor-widget-container\">\n\t\t\t\t\t<h2 class=\"elementor-heading-title elementor-size-default\">Coating and Lining Tests\n<\/h2>\t\t\t\t<\/div>\n\t\t\t\t<\/div>\n\t\t\t\t<div class=\"elementor-element elementor-element-87491e4 elementor-widget elementor-widget-image-gallery\" data-id=\"87491e4\" data-element_type=\"widget\" data-e-type=\"widget\" data-widget_type=\"image-gallery.default\">\n\t\t\t\t<div class=\"elementor-widget-container\">\n\t\t\t\t\t\t\t<div class=\"elementor-image-gallery\">\n\t\t\t<div id='gallery-1' class='gallery galleryid-3818 gallery-columns-2 gallery-size-full'><figure class='gallery-item'>\n\t\t\t<div class='gallery-icon landscape'>\n\t\t\t\t<a data-elementor-open-lightbox=\"yes\" data-elementor-lightbox-slideshow=\"87491e4\" data-elementor-lightbox-title=\"Katodik Soyulma Testi\" data-e-action-hash=\"#elementor-action%3Aaction%3Dlightbox%26settings%3DeyJpZCI6MjkzNywidXJsIjoiaHR0cHM6XC9cL3d3dy5oYXRib3J1LmNvbVwvd3AtY29udGVudFwvdXBsb2Fkc1wvMjAyM1wvMDhcL0thdG9kaWstU295dWxtYS1UZXN0aS5qcGciLCJzbGlkZXNob3ciOiI4NzQ5MWU0In0%3D\" href='https:\/\/www.hatboru.com\/wp-content\/uploads\/2023\/08\/Katodik-Soyulma-Testi.jpg'><img fetchpriority=\"high\" decoding=\"async\" width=\"640\" height=\"427\" src=\"https:\/\/www.hatboru.com\/wp-content\/uploads\/2023\/08\/Katodik-Soyulma-Testi.jpg\" class=\"attachment-full size-full\" alt=\"Katodik Soyulma Testi\" aria-describedby=\"gallery-1-2937\" srcset=\"https:\/\/www.hatboru.com\/wp-content\/uploads\/2023\/08\/Katodik-Soyulma-Testi.jpg 640w, https:\/\/www.hatboru.com\/wp-content\/uploads\/2023\/08\/Katodik-Soyulma-Testi-300x200.jpg 300w, https:\/\/www.hatboru.com\/wp-content\/uploads\/2023\/08\/Katodik-Soyulma-Testi-600x400.jpg 600w\" sizes=\"(max-width: 640px) 100vw, 640px\" \/><\/a>\n\t\t\t<\/div>\n\t\t\t\t<figcaption class='wp-caption-text gallery-caption' id='gallery-1-2937'>\n\t\t\t\tKatodik Soyulma Testi-Cathodic Dispontment Test\n\t\t\t\t<\/figcaption><\/figure><figure class='gallery-item'>\n\t\t\t<div class='gallery-icon landscape'>\n\t\t\t\t<a data-elementor-open-lightbox=\"yes\" data-elementor-lightbox-slideshow=\"87491e4\" data-elementor-lightbox-title=\"Uzama Testi\" data-e-action-hash=\"#elementor-action%3Aaction%3Dlightbox%26settings%3DeyJpZCI6Mjk0MSwidXJsIjoiaHR0cHM6XC9cL3d3dy5oYXRib3J1LmNvbVwvd3AtY29udGVudFwvdXBsb2Fkc1wvMjAyM1wvMDhcL1V6YW1hLVRlc3RpLmpwZyIsInNsaWRlc2hvdyI6Ijg3NDkxZTQifQ%3D%3D\" href='https:\/\/www.hatboru.com\/wp-content\/uploads\/2023\/08\/Uzama-Testi.jpg'><img decoding=\"async\" width=\"640\" height=\"427\" src=\"https:\/\/www.hatboru.com\/wp-content\/uploads\/2023\/08\/Uzama-Testi.jpg\" class=\"attachment-full size-full\" alt=\"Uzama Testi\" aria-describedby=\"gallery-1-2941\" srcset=\"https:\/\/www.hatboru.com\/wp-content\/uploads\/2023\/08\/Uzama-Testi.jpg 640w, https:\/\/www.hatboru.com\/wp-content\/uploads\/2023\/08\/Uzama-Testi-300x200.jpg 300w, https:\/\/www.hatboru.com\/wp-content\/uploads\/2023\/08\/Uzama-Testi-600x400.jpg 600w\" sizes=\"(max-width: 640px) 100vw, 640px\" \/><\/a>\n\t\t\t<\/div>\n\t\t\t\t<figcaption class='wp-caption-text gallery-caption' id='gallery-1-2941'>\n\t\t\t\tUzama Testi-Elongation Test\n\t\t\t\t<\/figcaption><\/figure><figure class='gallery-item'>\n\t\t\t<div class='gallery-icon landscape'>\n\t\t\t\t<a data-elementor-open-lightbox=\"yes\" data-elementor-lightbox-slideshow=\"87491e4\" data-elementor-lightbox-title=\"PE-PP Yap\u0131\u015fma Testi\" data-e-action-hash=\"#elementor-action%3Aaction%3Dlightbox%26settings%3DeyJpZCI6MjkzOSwidXJsIjoiaHR0cHM6XC9cL3d3dy5oYXRib3J1LmNvbVwvd3AtY29udGVudFwvdXBsb2Fkc1wvMjAyM1wvMDhcL1BFLVBQLVlhcGlzbWEtVGVzdGkuanBnIiwic2xpZGVzaG93IjoiODc0OTFlNCJ9\" href='https:\/\/www.hatboru.com\/wp-content\/uploads\/2023\/08\/PE-PP-Yapisma-Testi.jpg'><img decoding=\"async\" width=\"640\" height=\"427\" src=\"https:\/\/www.hatboru.com\/wp-content\/uploads\/2023\/08\/PE-PP-Yapisma-Testi.jpg\" class=\"attachment-full size-full\" alt=\"PE\/PP Yap\u0131\u015fma Testi\" aria-describedby=\"gallery-1-2939\" srcset=\"https:\/\/www.hatboru.com\/wp-content\/uploads\/2023\/08\/PE-PP-Yapisma-Testi.jpg 640w, https:\/\/www.hatboru.com\/wp-content\/uploads\/2023\/08\/PE-PP-Yapisma-Testi-300x200.jpg 300w, https:\/\/www.hatboru.com\/wp-content\/uploads\/2023\/08\/PE-PP-Yapisma-Testi-600x400.jpg 600w\" sizes=\"(max-width: 640px) 100vw, 640px\" \/><\/a>\n\t\t\t<\/div>\n\t\t\t\t<figcaption class='wp-caption-text gallery-caption' id='gallery-1-2939'>\n\t\t\t\tPE\/PP Yap\u0131\u015fma Testi-PE \/ PP-Sch\u00e4ltest\n\t\t\t\t<\/figcaption><\/figure><figure class='gallery-item'>\n\t\t\t<div class='gallery-icon landscape'>\n\t\t\t\t<a data-elementor-open-lightbox=\"yes\" data-elementor-lightbox-slideshow=\"87491e4\" data-elementor-lightbox-title=\"Yap\u0131\u015fma Testi\" data-e-action-hash=\"#elementor-action%3Aaction%3Dlightbox%26settings%3DeyJpZCI6Mjk0MywidXJsIjoiaHR0cHM6XC9cL3d3dy5oYXRib3J1LmNvbVwvd3AtY29udGVudFwvdXBsb2Fkc1wvMjAyM1wvMDhcL1lhcGlzbWEtVGVzdGkuanBnIiwic2xpZGVzaG93IjoiODc0OTFlNCJ9\" href='https:\/\/www.hatboru.com\/wp-content\/uploads\/2023\/08\/Yapisma-Testi.jpg'><img loading=\"lazy\" decoding=\"async\" width=\"640\" height=\"427\" src=\"https:\/\/www.hatboru.com\/wp-content\/uploads\/2023\/08\/Yapisma-Testi.jpg\" class=\"attachment-full size-full\" alt=\"Yap\u0131\u015fma Testi\" aria-describedby=\"gallery-1-2943\" srcset=\"https:\/\/www.hatboru.com\/wp-content\/uploads\/2023\/08\/Yapisma-Testi.jpg 640w, https:\/\/www.hatboru.com\/wp-content\/uploads\/2023\/08\/Yapisma-Testi-300x200.jpg 300w, https:\/\/www.hatboru.com\/wp-content\/uploads\/2023\/08\/Yapisma-Testi-600x400.jpg 600w\" sizes=\"(max-width: 640px) 100vw, 640px\" \/><\/a>\n\t\t\t<\/div>\n\t\t\t\t<figcaption class='wp-caption-text gallery-caption' id='gallery-1-2943'>\n\t\t\t\tYap\u0131\u015fma Testi-Adhesion Test\n\t\t\t\t<\/figcaption><\/figure><figure class='gallery-item'>\n\t\t\t<div class='gallery-icon landscape'>\n\t\t\t\t<a data-elementor-open-lightbox=\"yes\" data-elementor-lightbox-slideshow=\"87491e4\" data-elementor-lightbox-title=\"Darbe Testi\" data-e-action-hash=\"#elementor-action%3Aaction%3Dlightbox%26settings%3DeyJpZCI6MjkzMSwidXJsIjoiaHR0cHM6XC9cL3d3dy5oYXRib3J1LmNvbVwvd3AtY29udGVudFwvdXBsb2Fkc1wvMjAyM1wvMDhcL0RhcmJlLVRlc3RpLmpwZyIsInNsaWRlc2hvdyI6Ijg3NDkxZTQifQ%3D%3D\" href='https:\/\/www.hatboru.com\/wp-content\/uploads\/2023\/08\/Darbe-Testi.jpg'><img loading=\"lazy\" decoding=\"async\" width=\"640\" height=\"427\" src=\"https:\/\/www.hatboru.com\/wp-content\/uploads\/2023\/08\/Darbe-Testi.jpg\" class=\"attachment-full size-full\" alt=\"Darbe Testi\" aria-describedby=\"gallery-1-2931\" srcset=\"https:\/\/www.hatboru.com\/wp-content\/uploads\/2023\/08\/Darbe-Testi.jpg 640w, https:\/\/www.hatboru.com\/wp-content\/uploads\/2023\/08\/Darbe-Testi-300x200.jpg 300w, https:\/\/www.hatboru.com\/wp-content\/uploads\/2023\/08\/Darbe-Testi-600x400.jpg 600w\" sizes=\"(max-width: 640px) 100vw, 640px\" \/><\/a>\n\t\t\t<\/div>\n\t\t\t\t<figcaption class='wp-caption-text gallery-caption' id='gallery-1-2931'>\n\t\t\t\tDarbe Testi-Impact Test\n\t\t\t\t<\/figcaption><\/figure><figure class='gallery-item'>\n\t\t\t<div class='gallery-icon landscape'>\n\t\t\t\t<a data-elementor-open-lightbox=\"yes\" data-elementor-lightbox-slideshow=\"87491e4\" data-elementor-lightbox-title=\"Electric Resistance Test\" data-e-action-hash=\"#elementor-action%3Aaction%3Dlightbox%26settings%3DeyJpZCI6Mzk2MSwidXJsIjoiaHR0cHM6XC9cL3d3dy5oYXRib3J1LmNvbVwvd3AtY29udGVudFwvdXBsb2Fkc1wvMjAyM1wvMTBcL0VsZWN0cmljLVJlc2lzdGFuY2UtVGVzdC5qcGciLCJzbGlkZXNob3ciOiI4NzQ5MWU0In0%3D\" href='https:\/\/www.hatboru.com\/wp-content\/uploads\/2023\/10\/Electric-Resistance-Test.jpg'><img loading=\"lazy\" decoding=\"async\" width=\"640\" height=\"427\" src=\"https:\/\/www.hatboru.com\/wp-content\/uploads\/2023\/10\/Electric-Resistance-Test.jpg\" class=\"attachment-full size-full\" alt=\"\" aria-describedby=\"gallery-1-3961\" srcset=\"https:\/\/www.hatboru.com\/wp-content\/uploads\/2023\/10\/Electric-Resistance-Test.jpg 640w, https:\/\/www.hatboru.com\/wp-content\/uploads\/2023\/10\/Electric-Resistance-Test-300x200.jpg 300w, https:\/\/www.hatboru.com\/wp-content\/uploads\/2023\/10\/Electric-Resistance-Test-600x400.jpg 600w\" sizes=\"(max-width: 640px) 100vw, 640px\" \/><\/a>\n\t\t\t<\/div>\n\t\t\t\t<figcaption class='wp-caption-text gallery-caption' id='gallery-1-3961'>\n\t\t\t\tElectric Resistance Test\n\t\t\t\t<\/figcaption><\/figure><figure class='gallery-item'>\n\t\t\t<div class='gallery-icon landscape'>\n\t\t\t\t<a data-elementor-open-lightbox=\"yes\" data-elementor-lightbox-slideshow=\"87491e4\" data-elementor-lightbox-title=\"Delici Uca Kar\u015f\u0131 Test\" data-e-action-hash=\"#elementor-action%3Aaction%3Dlightbox%26settings%3DeyJpZCI6MjkzMywidXJsIjoiaHR0cHM6XC9cL3d3dy5oYXRib3J1LmNvbVwvd3AtY29udGVudFwvdXBsb2Fkc1wvMjAyM1wvMDhcL0RlbGljaS1VY2EtS2Fyc2ktVGVzdC5qcGciLCJzbGlkZXNob3ciOiI4NzQ5MWU0In0%3D\" href='https:\/\/www.hatboru.com\/wp-content\/uploads\/2023\/08\/Delici-Uca-Karsi-Test.jpg'><img loading=\"lazy\" decoding=\"async\" width=\"640\" height=\"427\" src=\"https:\/\/www.hatboru.com\/wp-content\/uploads\/2023\/08\/Delici-Uca-Karsi-Test.jpg\" class=\"attachment-full size-full\" alt=\"Delici Uca Kar\u015f\u0131 Test\" aria-describedby=\"gallery-1-2933\" srcset=\"https:\/\/www.hatboru.com\/wp-content\/uploads\/2023\/08\/Delici-Uca-Karsi-Test.jpg 640w, https:\/\/www.hatboru.com\/wp-content\/uploads\/2023\/08\/Delici-Uca-Karsi-Test-300x200.jpg 300w, https:\/\/www.hatboru.com\/wp-content\/uploads\/2023\/08\/Delici-Uca-Karsi-Test-600x400.jpg 600w\" sizes=\"(max-width: 640px) 100vw, 640px\" \/><\/a>\n\t\t\t<\/div>\n\t\t\t\t<figcaption class='wp-caption-text gallery-caption' id='gallery-1-2933'>\n\t\t\t\tDelici Uca Kar\u015f\u0131 Test-Indentation Test\n\t\t\t\t<\/figcaption><\/figure>\n\t\t<\/div>\n\t\t<\/div>\n\t\t\t\t\t\t<\/div>\n\t\t\t\t<\/div>\n\t\t\t\t\t<\/div>\n\t\t<\/div>\n\t\t\t\t\t<\/div>\n\t\t<\/section>\n\t\t\t\t<\/div>\n\t\t","protected":false},"excerpt":{"rendered":"<p>Quality Control Hatboru is a 100% Turkish brand with 100% Turkish capital. Spiral Welded Steel Pipes and Coating &#038; Lining Destructive Tests Non-destructive testing Coating and Lining Tests Plastic Pipe Quality Control Process Laboratory Testing Services Coating and Lining Tests Katodik Soyulma Testi-Cathodic Dispontment Test Uzama Testi-Elongation Test PE\/PP Yap\u0131\u015fma Testi-PE \/ PP-Sch\u00e4ltest Yap\u0131\u015fma Testi-Adhesion [&hellip;]<\/p>\n","protected":false},"author":1,"featured_media":0,"parent":0,"menu_order":0,"comment_status":"closed","ping_status":"closed","template":"tmpl\/template-fullwidth.php","meta":{"_acf_changed":false,"inline_featured_image":false,"_joinchat":[],"footnotes":""},"class_list":["post-3818","page","type-page","status-publish","hentry"],"acf":[],"aioseo_notices":[],"_links":{"self":[{"href":"https:\/\/www.hatboru.com\/en\/wp-json\/wp\/v2\/pages\/3818","targetHints":{"allow":["GET"]}}],"collection":[{"href":"https:\/\/www.hatboru.com\/en\/wp-json\/wp\/v2\/pages"}],"about":[{"href":"https:\/\/www.hatboru.com\/en\/wp-json\/wp\/v2\/types\/page"}],"author":[{"embeddable":true,"href":"https:\/\/www.hatboru.com\/en\/wp-json\/wp\/v2\/users\/1"}],"replies":[{"embeddable":true,"href":"https:\/\/www.hatboru.com\/en\/wp-json\/wp\/v2\/comments?post=3818"}],"version-history":[{"count":4,"href":"https:\/\/www.hatboru.com\/en\/wp-json\/wp\/v2\/pages\/3818\/revisions"}],"predecessor-version":[{"id":3965,"href":"https:\/\/www.hatboru.com\/en\/wp-json\/wp\/v2\/pages\/3818\/revisions\/3965"}],"wp:attachment":[{"href":"https:\/\/www.hatboru.com\/en\/wp-json\/wp\/v2\/media?parent=3818"}],"curies":[{"name":"wp","href":"https:\/\/api.w.org\/{rel}","templated":true}]}}